{"id":399,"date":"2016-03-18T22:08:39","date_gmt":"2016-03-18T22:08:39","guid":{"rendered":"http:\/\/twofold.fuelthemes.net\/?page_id=399"},"modified":"2024-03-05T20:10:39","modified_gmt":"2024-03-05T20:10:39","slug":"about-me","status":"publish","type":"page","link":"https:\/\/damageunsereneglamour.com\/?page_id=399","title":{"rendered":"About Me"},"content":{"rendered":"<h4>I&#8217;m Georges-Emmanuel ARNAUD, a french Visual Artist working &amp; living in Vauclin, Martinique.<\/h4>\n<h4>Former Photo-Retoucher for <em>Giorgio Armani, Yohji Yamamoto, Chanel Jewelry, Valentino, Neiman Marcus, AESOP, Nars Cosmetics<\/em> I am also a Photo and Cinematography teacher at Parallel 14.<\/h4>\n<h4>I see myself as a Creotor of Relics &amp; lost memories are the main influence on my reflections and interrogations.<\/h4>\n<h4>I work in my own practical &amp; digital studios, <a href=\"https:\/\/studiokarea.com\/\">Studio KAREA<\/a>, where I shot and process both film and digital.<\/h4>\n<h4>As Richard Avedon, I belive that a portrait is not a likeness. The moment an emotion or fact is transformed into a photograph it is no longer a fact but an opinion&#8230; All photographs are accurate. None of them is the truth.<\/p>\n<p>Artistic Residency : Maison des \u00e9critures de LA ROCHELLE; Yach Club Classique LA ROCHELLE;<br \/>\nStudio Lumina MARTINIQUE<\/h4>\n<h4>Exhibit: Lyc\u00e9e Brassa\u00ef; Fondation Cl\u00e9ment; DomTom Process; Studio Lumina<\/h4>\n","protected":false},"excerpt":{"rendered":"<p>I&#8217;m Georges-Emmanuel ARNAUD, a french Visual Artist working &amp; living in Vauclin, Martinique. Former Photo-Retoucher for Giorgio Armani, Yohji Yamamoto, Chanel Jewelry, Valentino, Neiman Marcus, AESOP, Nars Cosmetics I am also a Photo and Cinematography teacher at Parallel 14. I see myself as a Creotor of Relics &amp; lost memories are the main influence on\u2026 <a class=\"excerpt-dot\" href=\"https:\/\/damageunsereneglamour.com\/?page_id=399\" title=\"About Me\"><svg xmlns=\"http:\/\/www.w3.org\/2000\/svg\" version=\"1.1\" x=\"0\" y=\"0\" width=\"30.2\" height=\"14.2\" viewBox=\"0 0 30.2 14.2\" enable-background=\"new 0 0 30.167 14.168\" xml:space=\"preserve\"><path d=\"M0.1 7.1c0-0.4 0.4-0.8 0.8-0.8h26.5l-5-4.9c-0.3-0.3-0.3-0.8 0-1.1 0.3-0.3 0.8-0.3 1.1 0l6.3 6.2c0.3 0.3 0.3 0.8 0 1.1l-6.3 6.2c-0.2 0.2-0.4 0.2-0.6 0.2 -0.2 0-0.4-0.1-0.6-0.2 -0.3-0.3-0.3-0.8 0-1.1l4.9-4.8H0.9C0.5 7.9 0.1 7.6 0.1 7.1z\"\/><\/svg><\/a><\/p>\n","protected":false},"author":1,"featured_media":731,"parent":0,"menu_order":0,"comment_status":"closed","ping_status":"closed","template":"template-about.php","meta":{"content-type":"","om_disable_all_campaigns":false,"_monsterinsights_skip_tracking":false,"_monsterinsights_sitenote_active":false,"_monsterinsights_sitenote_note":"","_monsterinsights_sitenote_category":0,"footnotes":""},"class_list":["post-399","page","type-page","status-publish","has-post-thumbnail","hentry"],"aioseo_notices":[],"_links":{"self":[{"href":"https:\/\/damageunsereneglamour.com\/index.php?rest_route=\/wp\/v2\/pages\/399","targetHints":{"allow":["GET"]}}],"collection":[{"href":"https:\/\/damageunsereneglamour.com\/index.php?rest_route=\/wp\/v2\/pages"}],"about":[{"href":"https:\/\/damageunsereneglamour.com\/index.php?rest_route=\/wp\/v2\/types\/page"}],"author":[{"embeddable":true,"href":"https:\/\/damageunsereneglamour.com\/index.php?rest_route=\/wp\/v2\/users\/1"}],"replies":[{"embeddable":true,"href":"https:\/\/damageunsereneglamour.com\/index.php?rest_route=%2Fwp%2Fv2%2Fcomments&post=399"}],"version-history":[{"count":12,"href":"https:\/\/damageunsereneglamour.com\/index.php?rest_route=\/wp\/v2\/pages\/399\/revisions"}],"predecessor-version":[{"id":783,"href":"https:\/\/damageunsereneglamour.com\/index.php?rest_route=\/wp\/v2\/pages\/399\/revisions\/783"}],"wp:featuredmedia":[{"embeddable":true,"href":"https:\/\/damageunsereneglamour.com\/index.php?rest_route=\/wp\/v2\/media\/731"}],"wp:attachment":[{"href":"https:\/\/damageunsereneglamour.com\/index.php?rest_route=%2Fwp%2Fv2%2Fmedia&parent=399"}],"curies":[{"name":"wp","href":"https:\/\/api.w.org\/{rel}","templated":true}]}}